{"id":1068,"date":"2019-10-13T19:29:12","date_gmt":"2019-10-13T17:29:12","guid":{"rendered":"http:\/\/www.villalamonta.it\/?page_id=1068"},"modified":"2024-02-03T10:33:14","modified_gmt":"2024-02-03T09:33:14","slug":"villa-la-monta","status":"publish","type":"page","link":"https:\/\/www.villalamonta.it\/de\/villa-la-monta\/","title":{"rendered":"Villa La Monta"},"content":{"rendered":"<section class=\"wpb-content-wrapper\"><p>[vc_row][vc_column width=&#8220;4\/5&#8243;][vc_empty_space][vc_single_image image=&#8220;13669&#8243; img_size=&#8220;full&#8220; alignment=&#8220;center&#8220;][\/vc_column][vc_column width=&#8220;1\/5&#8243;][vc_empty_space][vc_single_image image=&#8220;13706&#8243; img_size=&#8220;full&#8220; alignment=&#8220;center&#8220; onclick=&#8220;custom_link&#8220; img_link_target=&#8220;_blank&#8220; link=&#8220;https:\/\/smallflorenceaccomodation.com\/&#8220;][\/vc_column][\/vc_row][vc_row][vc_column width=&#8220;2\/3&#8243;][vc_row_inner][vc_column_inner width=&#8220;1\/2&#8243;][vc_empty_space][vc_column_text css_animation=&#8220;none&#8220;]<strong>Eigentum zur ausschlie\u00dflichen Nutzung<\/strong><br \/>\nToskanisches Landhaus, 285 m2, f\u00fcr 8 Personen mit privatem Swimming-Pool, 4 Doppelzimmern und 4 B\u00e4dern. Die Au\u00dfenbereiche zeichnen sich aus durch einen umz\u00e4unten Garten, eine \u00fcberdachte Loggia mit Esstisch und gemauertem Grill. Au\u00dferdem verf\u00fcgt die Unterkunft \u00fcber Sat-TV, Wi-Fi, M\u00fcckennetze im ganzen Haus, Babybett und Hochstuhl. Panoramalage.[\/vc_column_text][vc_empty_space][vc_column_text css_animation=&#8220;none&#8220;]<strong>Au\u00dfenbereiche und Swimming-Pool<\/strong><br \/>\nVor dem Haus befindet sich eine sch\u00f6ne, umz\u00e4unte Wiese mit einem Entspannungs-Bereich und dem 8&#215;4 m gro\u00dfen und 1,20-1,30 m tiefen Swimming-Pool, einer warmen Au\u00dfendusche, einer Loggia mit Tisch f\u00fcr gemeinsame Essen im Freien, einem gemauerten Grill und Kinderspielger\u00e4ten. Alle Au\u00dfenbereiche sind sehr gepflegt und der Parkplatz befindet sich auf dem Grundst\u00fcck.[\/vc_column_text][vc_empty_space][vc_column_text css_animation=&#8220;none&#8220;]<strong>Innen<\/strong><br \/>\nDas Landhaus wurde vor einigen Jahren vollst\u00e4ndig renoviert. Seine Dachbalken wurden erhalten, um den Zauber und die Charakteristiken der alten Landh\u00e4user zu bewahren, w\u00e4hrend alle Hydraulik- und Elektroanlagen neuer Installation sind. Das Erdgeschoss \u00f6ffnet sich zu einem gro\u00dfen, hellen Wohnzimmer mit Sat-TV und Kamin, das durch einen Bogen vom Esszimmer getrennt ist, mit direktem Zugang zur gut ausgestatteten K\u00fcchenecke, sowie zu einem kleinen W\u00e4scheraum. Vom Korridor des Wohnzimmers aus gelangt man zu 3 Doppelzimmern mit Bad mit Dusche.<br \/>\nEine interne Treppe f\u00fchrt in den ersten Stock mit 1 Doppelzimmer mit Bad mit Dusche.[\/vc_column_text][\/vc_column_inner][vc_column_inner width=&#8220;1\/2&#8243;][vc_empty_space][vc_column_text css_animation=&#8220;none&#8220;]<strong>Lage<\/strong><br \/>\nVilla la Monta befindet sich im Chiantigebiet, umgeben von W\u00e4ldern, Reben und Olivenhainen, die dem Gast ein entspannendes Panorama bieten. Sehr ruhige, jedoch nicht isolierte Lage, gute Privatsph\u00e4re, besonders geeignet f\u00fcr all diejenigen, die einen Urlaub im Zeichen der Entspannung, der Natur und des Sports lieben.[\/vc_column_text][vc_empty_space][vc_column_text css_animation=&#8220;none&#8220;]<strong>Ausstattung<\/strong><br \/>\nDas Haus ist versehen mit Wi-Fi, Zentralheizung, Babybett, Hochstuhl, Kamin, Hygieneprodukten in den B\u00e4dern, M\u00fcckennetzen an allen Fenstern des Hauses und Parkplatz auf dem Grundst\u00fcck.[\/vc_column_text][vc_empty_space][vc_column_text css_animation=&#8220;none&#8220;]<strong>Wichtige Informationen<\/strong><br \/>\nDer Swimming-Pool ist ge\u00f6ffnet vom 1.5. bis 30.9. Im Untergeschoss, mit separatem Eingang und ohne Kontakt zu den G\u00e4sten, befindet sich ein bewohntes Appartement.[\/vc_column_text][vc_empty_space][vc_column_text css_animation=&#8220;none&#8220;]<strong>Service<\/strong><br \/>\nIm Preis inbegriffen sind Bettw\u00e4sche, Handt\u00fccher und Geschirrt\u00fccher (mit w\u00f6chentlichem Wechsel), Internet, Verbrauch von Wasser und Gas (Heizung ausgeschlossen), Babybett und Hochstuhl. Auf Anfrage und vor Ort zu bezahlen: zus\u00e4tzliche Stunden Haushaltshilfe, Einkaufs-Service, Koch f\u00fcr Mittag- und Abendessen, Kochkurse und Babysitter.[\/vc_column_text][\/vc_column_inner][\/vc_row_inner][vc_empty_space][vc_column_text css_animation=&#8220;none&#8220;]<strong>Freizeit und Entfernungen<\/strong><br \/>\nWir befinden uns im Herzen des Chiantigebietes, wenige Kilometer von Greve in Chianti mit Gesch\u00e4ften aller Art und seinem Wochenmarkt auf der Piazza. Viele andere Orte wie Panzano in Chianti, Castellina in Chianti, Gaiole in Chianti und Radda sind bequem mit dem Auto zu erreichen. Florenz liegt ca. 30 km entfernt und Siena erreicht man \u00fcber die via Chiantigiana mit seinen atemberaubenden Ausblicken auf die Weinfelder, f\u00fcr die der Chianti so ber\u00fchmt ist. Auch San Gimignano ist schnell zu erreichen. In den Weinkellern der zahlreichen G\u00fcter der Umgebung kann man die besten Weine der Toskana kosten.<br \/>\nStrada in Chianti 7 km (Lebensmittel-Gesch\u00e4fte), Greve in Chianti 12 km Wochenmarkt und Gesch\u00e4fte aller Art), Panzano in Chianti 19 km (Wochenmarkt), Florenz 26 km, Castellina in Chianti 31 km, Flugplatz Firenze Peretola 37 km, Bahnhof Poggibonsi 40 km, San Gimignano 49 km, Siena 68 km, Lucca 100 km, Pisa 108 km.[\/vc_column_text][\/vc_column][vc_column width=&#8220;1\/3&#8243;][vc_empty_space][vc_column_text css_animation=&#8220;none&#8220; el_class=&#8220;dotazioni&#8220;]<b>Ausstattung<\/b><\/p>\n<ul class=\"list-inline\">\n<li>F\u00f6n<\/li>\n<li>Trockner<\/li>\n<li>B\u00fcgelbrett<\/li>\n<li>Gemauerter Grill<\/li>\n<li>Handt\u00fccher werden gestellt<\/li>\n<li>Geschirrt\u00fccher werden gestellt<\/li>\n<li>Bettw\u00e4sche werden gestellt<\/li>\n<li>Kamin<\/li>\n<li>Tiefk\u00fchler<\/li>\n<li>Aussendusche<\/li>\n<li>B\u00fcgeleisen<\/li>\n<li>Elektr. Ofen<\/li>\n<li>K\u00fchlschrank<\/li>\n<li>Eigener Garten<\/li>\n<li>Garten oder umz\u00e4unter Au\u00dfenbereich<\/li>\n<li>Kinderbecken<\/li>\n<li>Internet free<\/li>\n<li>Sp\u00fclmaschine<\/li>\n<li>Waschmaschine<\/li>\n<li>Kinderbett<\/li>\n<li>Espressomaschine<\/li>\n<li>Espressokanne<\/li>\n<li>Sonnenschirm<\/li>\n<li>Parkplatz auf dem Grundst\u00fcck<\/li>\n<li>Beleuchtetes Schwimmbecken<\/li>\n<li>In den Boden eingelassenes Schwimmbecken<\/li>\n<li>Privater Pool<\/li>\n<li>Abendessen im Freien<\/li>\n<li>Zentralheizung<\/li>\n<li>Esszimmer<\/li>\n<li>Liegest\u00fchle<\/li>\n<li>Gartenst\u00fchl<\/li>\n<li>Kinderstuhl<\/li>\n<li>Wohnzimmer<\/li>\n<li>Zitruspresse<\/li>\n<li>Gartentisch<\/li>\n<li>Toaster<\/li>\n<li>Satelliten-TV<\/li>\n<li>M\u00fcckennetz<\/li>\n<\/ul>\n<p><b>Wichtige Informationen<\/b><\/p>\n<ul class=\"gmail-list-inline\">\n<li>Kinderfreundlich<\/li>\n<li>Unterkunft f\u00fcr Nichtraucher<\/li>\n<li>Haustier erlaubt 1\/5<\/li>\n<\/ul>\n<p><b><\/b><b>Andere<\/b><\/p>\n<ul class=\"list-inline\">\n<li>Auto Erforderlich<\/li>\n<\/ul>\n<p><b>Attivit\u00e0<\/b><\/p>\n<ul class=\"list-inline\">\n<li>Reitunterricht 10 km<\/li>\n<li>Golfurlaub 9 km<\/li>\n<li>Tennis 9 km<\/li>\n<\/ul>\n<p>[\/vc_column_text][\/vc_column][\/vc_row][vc_row][vc_column][vc_empty_space][\/vc_column][\/vc_row]<\/p>\n<\/section>","protected":false},"excerpt":{"rendered":"<p>[vc_row][vc_column width=&#8220;4\/5&#8243;][vc_empty_space][vc_single_image image=&#8220;13669&#8243; img_size=&#8220;full&#8220; alignment=&#8220;center&#8220;][\/vc_column][vc_column width=&#8220;1\/5&#8243;][vc_empty_space][vc_single_image image=&#8220;13706&#8243; img_size=&#8220;full&#8220; alignment=&#8220;center&#8220; onclick=&#8220;custom_link&#8220; img_link_target=&#8220;_blank&#8220; link=&#8220;https:\/\/smallflorenceaccomodation.com\/&#8220;][\/vc_column][\/vc_row][vc_row][vc_column width=&#8220;2\/3&#8243;][vc_row_inner][vc_column_inner width=&#8220;1\/2&#8243;][vc_empty_space][vc_column_text css_animation=&#8220;none&#8220;]Eigentum zur ausschlie\u00dflichen Nutzung Toskanisches Landhaus, 285 m2, f\u00fcr 8 Personen mit privatem Swimming-Pool, 4 Doppelzimmern und 4 B\u00e4dern. Die Au\u00dfenbereiche zeichnen sich aus durch einen umz\u00e4unten Garten, eine \u00fcberdachte Loggia mit Esstisch und gemauertem Grill. Au\u00dferdem verf\u00fcgt die Unterkunft \u00fcber [&hellip;]<\/p>\n","protected":false},"author":1,"featured_media":0,"parent":0,"menu_order":0,"comment_status":"closed","ping_status":"closed","template":"","meta":{"_monsterinsights_skip_tracking":false,"_monsterinsights_sitenote_active":false,"_monsterinsights_sitenote_note":"","_monsterinsights_sitenote_category":0,"footnotes":""},"_links":{"self":[{"href":"https:\/\/www.villalamonta.it\/de\/wp-json\/wp\/v2\/pages\/1068"}],"collection":[{"href":"https:\/\/www.villalamonta.it\/de\/wp-json\/wp\/v2\/pages"}],"about":[{"href":"https:\/\/www.villalamonta.it\/de\/wp-json\/wp\/v2\/types\/page"}],"author":[{"embeddable":true,"href":"https:\/\/www.villalamonta.it\/de\/wp-json\/wp\/v2\/users\/1"}],"replies":[{"embeddable":true,"href":"https:\/\/www.villalamonta.it\/de\/wp-json\/wp\/v2\/comments?post=1068"}],"version-history":[{"count":97,"href":"https:\/\/www.villalamonta.it\/de\/wp-json\/wp\/v2\/pages\/1068\/revisions"}],"predecessor-version":[{"id":13711,"href":"https:\/\/www.villalamonta.it\/de\/wp-json\/wp\/v2\/pages\/1068\/revisions\/13711"}],"wp:attachment":[{"href":"https:\/\/www.villalamonta.it\/de\/wp-json\/wp\/v2\/media?parent=1068"}],"curies":[{"name":"wp","href":"https:\/\/api.w.org\/{rel}","templated":true}]}}