{"id":1072,"date":"2019-10-13T19:29:40","date_gmt":"2019-10-13T17:29:40","guid":{"rendered":"http:\/\/www.villalamonta.it\/?page_id=1072"},"modified":"2023-10-26T18:20:56","modified_gmt":"2023-10-26T16:20:56","slug":"cosa-e-gourmet-bb","status":"publish","type":"page","link":"https:\/\/www.villalamonta.it\/de\/cosa-e-gourmet-bb\/","title":{"rendered":"Warum Gourmet Bed&#038;Breakfast"},"content":{"rendered":"<section class=\"wpb-content-wrapper\"><p>[vc_row full_width=&#8220;stretch_row_content_no_spaces&#8220;][vc_column][vc_single_image image=&#8220;1252&#8243; img_size=&#8220;full&#8220; alignment=&#8220;center&#8220;][\/vc_column][\/vc_row][vc_row][vc_column][vc_empty_space][vc_single_image image=&#8220;1567&#8243; img_size=&#8220;full&#8220; alignment=&#8220;center&#8220;][vc_column_text]<\/p>\n<h2 style=\"margin-bottom: .0001pt;\">Warum Gourmet Bed&#038;Breakfast?<\/h2>\n<p>[\/vc_column_text][vc_empty_space][vc_column_text]Das Wort Gourmet bezieht sich heute auf Haute Cuisine. Aber es ist nicht immer so gewesen. Dieses Wort stammt von dem alten franz\u00f6sischen \u201cVerkoster des Weins\u201d der mit Feinschmecker vermischt ist und Feuer schr\u00fcren will. Deshalb bedeutet es einfach Gourmet, eine Person, die gerne qualitativ hochwertige Lebensmittel i\u00dft und trinkt.<br \/>\nHier liegt das Herz unseres Hotels: wir bieten Qualit\u00e4tsprodukte f\u00fcr unser Fr\u00fchst\u00fcck an; wir erz\u00e4hlen Geschichten und Urspr\u00fcnge von florentinischen Gerichten; wir empfehlen Speisen und Weine sowie lokale Reisetouren (Restaurants, Trattorien, Weing\u00fcter abseits der ausgetretenen Pfade in der Umgebung).<br \/>\nWir glauben, da\u00df die Gourmet-definition umfasst nicht nur das was Essen und guten Wein betrifft, sondern auch di gesamte Kultur der Stadt. Deshalb gibt es in unserem Gourmet Bed &#038;Breakfast auch die Kultur und die Legenden des Territoriums, den Besuch jener Museen, die der Massentourismus nicht einmal in Betracht zieht aber welche die Stadtessen wunderbar jeder mit seinem eigenen Charakteristik in ihrem Zugeh\u00f6rigkeitsbereich herausragend sind und leider fast immer halb leer stehen.<br \/>\nWenn Sie \u201cgierig\u201d sind, unser Gourmet hei\u00dft Sie herzlich willkommen.[\/vc_column_text][\/vc_column][\/vc_row][vc_row full_width=&#8220;stretch_row_content_no_spaces&#8220;][vc_column][vc_empty_space][vc_media_grid element_width=&#8220;2&#8243; grid_id=&#8220;vc_gid:1574896617506-515eda4f-cd60-4&#8243; include=&#8220;1550,1551,1552,1553,1554,1555,1556,1557,1558,1559,1560,1561,1562,1545,1546,1547,1548,1549&#8243;][vc_empty_space height=&#8220;5px&#8220;][\/vc_column][\/vc_row]<\/p>\n<\/section>","protected":false},"excerpt":{"rendered":"<p>[vc_row full_width=&#8220;stretch_row_content_no_spaces&#8220;][vc_column][vc_single_image image=&#8220;1252&#8243; img_size=&#8220;full&#8220; alignment=&#8220;center&#8220;][\/vc_column][\/vc_row][vc_row][vc_column][vc_empty_space][vc_single_image image=&#8220;1567&#8243; img_size=&#8220;full&#8220; alignment=&#8220;center&#8220;][vc_column_text] Warum Gourmet Bed&#038;Breakfast? [\/vc_column_text][vc_empty_space][vc_column_text]Das Wort Gourmet bezieht sich heute auf Haute Cuisine. Aber es ist nicht immer so gewesen. Dieses Wort stammt von dem alten franz\u00f6sischen \u201cVerkoster des Weins\u201d der mit Feinschmecker vermischt ist und Feuer schr\u00fcren will. Deshalb bedeutet es einfach Gourmet, eine Person, die gerne [&hellip;]<\/p>\n","protected":false},"author":1,"featured_media":0,"parent":0,"menu_order":0,"comment_status":"closed","ping_status":"closed","template":"","meta":{"_monsterinsights_skip_tracking":false,"_monsterinsights_sitenote_active":false,"_monsterinsights_sitenote_note":"","_monsterinsights_sitenote_category":0,"footnotes":""},"_links":{"self":[{"href":"https:\/\/www.villalamonta.it\/de\/wp-json\/wp\/v2\/pages\/1072"}],"collection":[{"href":"https:\/\/www.villalamonta.it\/de\/wp-json\/wp\/v2\/pages"}],"about":[{"href":"https:\/\/www.villalamonta.it\/de\/wp-json\/wp\/v2\/types\/page"}],"author":[{"embeddable":true,"href":"https:\/\/www.villalamonta.it\/de\/wp-json\/wp\/v2\/users\/1"}],"replies":[{"embeddable":true,"href":"https:\/\/www.villalamonta.it\/de\/wp-json\/wp\/v2\/comments?post=1072"}],"version-history":[{"count":18,"href":"https:\/\/www.villalamonta.it\/de\/wp-json\/wp\/v2\/pages\/1072\/revisions"}],"predecessor-version":[{"id":5057,"href":"https:\/\/www.villalamonta.it\/de\/wp-json\/wp\/v2\/pages\/1072\/revisions\/5057"}],"wp:attachment":[{"href":"https:\/\/www.villalamonta.it\/de\/wp-json\/wp\/v2\/media?parent=1072"}],"curies":[{"name":"wp","href":"https:\/\/api.w.org\/{rel}","templated":true}]}}