{"id":1086,"date":"2019-10-13T19:32:01","date_gmt":"2019-10-13T17:32:01","guid":{"rendered":"http:\/\/www.villalamonta.it\/?page_id=1086"},"modified":"2023-10-26T18:19:44","modified_gmt":"2023-10-26T16:19:44","slug":"esperienze-toscane","status":"publish","type":"page","link":"https:\/\/www.villalamonta.it\/de\/esperienze-toscane\/","title":{"rendered":"Toskanische Erlebnisse"},"content":{"rendered":"<section class=\"wpb-content-wrapper\"><p>[vc_row][vc_column][vc_empty_space][\/vc_column][\/vc_row][vc_row][vc_column width=&#8220;1\/3&#8243;][vc_single_image image=&#8220;1894&#8243; img_size=&#8220;full&#8220; alignment=&#8220;center&#8220;][\/vc_column][vc_column width=&#8220;2\/3&#8243;][vc_column_text]<\/p>\n<h1>Tr\u00fcffelsuche<\/h1>\n<p>[\/vc_column_text][vc_column_text]Eine Tr\u00fcffelsuche in Begleitung des Tr\u00fcffelsuchers und seiner Hunde auf der Suche nach der begehrten Frucht der Erde, in einem nat\u00fcrlichen Tr\u00fcffel in der bezauberden Umgebung der Crete Senesi. Eine Erfahrung, um die Eigenschaften der Tr\u00fcffel, ihre Geschichte und die Techniken zu entdecken, um danach zu suchen.<br \/>\nEin Spaziergeng im Wald, wo der Hund der Wahre Reiseleiter ist. Er bewegt sich hektisch zwischen den B\u00e4umen hin und her und schn\u00fcffelt am fu\u00df der B\u00e4ume, findet aber nicht immer den ber\u00fchmten Tr\u00fcffel mit seinem unvergleichlichen Duft.<br \/>\nDie erfahrung kann einen kleinen Snack oder ein komplettes Mittag\/abendessen mit Tr\u00fcffeln beinhalten.[\/vc_column_text][\/vc_column][\/vc_row][vc_row][vc_column][vc_empty_space][\/vc_column][\/vc_row][vc_row][vc_column width=&#8220;1\/3&#8243;][vc_single_image image=&#8220;1897&#8243; img_size=&#8220;full&#8220; alignment=&#8220;center&#8220;][\/vc_column][vc_column width=&#8220;2\/3&#8243;][vc_column_text]<\/p>\n<h1>Museen der Stadtteile von Siena<\/h1>\n<p>[\/vc_column_text][vc_column_text]Haben Sie jemals daran gedacht, die Museen der Stadtteile zu besuchen, indem Sie die Stadt besichtigen? Hier finden sie historische Fotos, die gewonnenen Palios, kuriosit\u00e4ten und sogar einige echte und schlangen paliesque reliquien vor.[\/vc_column_text][\/vc_column][\/vc_row][vc_row][vc_column][vc_empty_space][\/vc_column][\/vc_row][vc_row][vc_column width=&#8220;1\/3&#8243;][vc_single_image image=&#8220;1644&#8243; img_size=&#8220;full&#8220; alignment=&#8220;center&#8220;][\/vc_column][vc_column width=&#8220;2\/3&#8243;][vc_column_text]<\/p>\n<h1>Das Schwert im stein<\/h1>\n<p>[\/vc_column_text][vc_column_text]Die verlassene Abtei von San Galgano ist ein fester Punkt. Wenn Sie s\u00fcdlich von Siena fahren, halten an, um die Abtei zu besuchen. In unmittelbarer n\u00e4he auf dem h\u00fcgel von Montesiepi auf dem ro-h\u00fcgel steht eine kleine kreisrunde Kapelle, in der sich eines der faszinierendsten und geheimnisvollsten reliquien der gesamten region befindet: das Schwert in stein von San Galgano.<br \/>\nGenau in der mitte der kreisrunden Kapelle ragt aus dem terrakottaboden ein felsensporn heraus, in dessen mitte ein Schwert eingesetzt ist, das 1170 aus aluminium geschmiedet wurde. Das sei das legend\u00e4re K\u00f6nig Artu Schwert und nicht nur eine Geschichte&#8230;?[\/vc_column_text][\/vc_column][\/vc_row][vc_row][vc_column][vc_empty_space][\/vc_column][\/vc_row][vc_row][vc_column width=&#8220;1\/3&#8243;][vc_single_image image=&#8220;1900&#8243; img_size=&#8220;full&#8220; alignment=&#8220;center&#8220;][\/vc_column][vc_column width=&#8220;2\/3&#8243;][vc_column_text]<\/p>\n<h1>Besichtigung der Weing\u00fcter<\/h1>\n<p>[\/vc_column_text][vc_column_text]Ein Weingut zu besuchen ist der beste weg die Leidenschaft und die Verbundenheit mit dem Territorium jedes einzelnen Produzenten zu verstehen. Die verschiedenen Bereiche des Chianti, Val dOrcia und Bolgheri. Die Toskana ist voll von ber\u00fchmter oder unbekannter Bauernh\u00f6fe, die alle einen pers\u00f6nlichen beweis f\u00fcr die Herstellung ihrer Weine haben.<br \/>\nAlle Bauerh\u00f6fe erlauben die Besuch in ihrem Eigentum. Die Wahl liegt bei Ihnen.[\/vc_column_text][\/vc_column][\/vc_row][vc_row][vc_column][vc_empty_space][\/vc_column][\/vc_row]<\/p>\n<\/section>","protected":false},"excerpt":{"rendered":"<p>[vc_row][vc_column][vc_empty_space][\/vc_column][\/vc_row][vc_row][vc_column width=&#8220;1\/3&#8243;][vc_single_image image=&#8220;1894&#8243; img_size=&#8220;full&#8220; alignment=&#8220;center&#8220;][\/vc_column][vc_column width=&#8220;2\/3&#8243;][vc_column_text] Tr\u00fcffelsuche [\/vc_column_text][vc_column_text]Eine Tr\u00fcffelsuche in Begleitung des Tr\u00fcffelsuchers und seiner Hunde auf der Suche nach der begehrten Frucht der Erde, in einem nat\u00fcrlichen Tr\u00fcffel in der bezauberden Umgebung der Crete Senesi. Eine Erfahrung, um die Eigenschaften der Tr\u00fcffel, ihre Geschichte und die Techniken zu entdecken, um danach zu suchen. Ein [&hellip;]<\/p>\n","protected":false},"author":1,"featured_media":0,"parent":0,"menu_order":0,"comment_status":"closed","ping_status":"closed","template":"","meta":{"_monsterinsights_skip_tracking":false,"_monsterinsights_sitenote_active":false,"_monsterinsights_sitenote_note":"","_monsterinsights_sitenote_category":0,"footnotes":""},"_links":{"self":[{"href":"https:\/\/www.villalamonta.it\/de\/wp-json\/wp\/v2\/pages\/1086"}],"collection":[{"href":"https:\/\/www.villalamonta.it\/de\/wp-json\/wp\/v2\/pages"}],"about":[{"href":"https:\/\/www.villalamonta.it\/de\/wp-json\/wp\/v2\/types\/page"}],"author":[{"embeddable":true,"href":"https:\/\/www.villalamonta.it\/de\/wp-json\/wp\/v2\/users\/1"}],"replies":[{"embeddable":true,"href":"https:\/\/www.villalamonta.it\/de\/wp-json\/wp\/v2\/comments?post=1086"}],"version-history":[{"count":18,"href":"https:\/\/www.villalamonta.it\/de\/wp-json\/wp\/v2\/pages\/1086\/revisions"}],"predecessor-version":[{"id":1934,"href":"https:\/\/www.villalamonta.it\/de\/wp-json\/wp\/v2\/pages\/1086\/revisions\/1934"}],"wp:attachment":[{"href":"https:\/\/www.villalamonta.it\/de\/wp-json\/wp\/v2\/media?parent=1086"}],"curies":[{"name":"wp","href":"https:\/\/api.w.org\/{rel}","templated":true}]}}