{"id":1088,"date":"2019-10-13T19:32:16","date_gmt":"2019-10-13T17:32:16","guid":{"rendered":"http:\/\/www.villalamonta.it\/?page_id=1088"},"modified":"2023-10-26T18:19:55","modified_gmt":"2023-10-26T16:19:55","slug":"esperienze-su-misura","status":"publish","type":"page","link":"https:\/\/www.villalamonta.it\/de\/esperienze-su-misura\/","title":{"rendered":"Personaliserte Erlebnisse"},"content":{"rendered":"<section class=\"wpb-content-wrapper\"><p>[vc_row][vc_column][vc_empty_space][\/vc_column][\/vc_row][vc_row][vc_column width=&#8220;1\/3&#8243;][vc_single_image image=&#8220;1910&#8243; img_size=&#8220;full&#8220; alignment=&#8220;center&#8220;][\/vc_column][vc_column width=&#8220;2\/3&#8243;][vc_empty_space height=&#8220;45px&#8220;][vc_column_text]Bei einem Aufenthalt von wenigen Tagen in Florenz ist ein Ausflug ausserhalb der Stadt verpflichtend. Besuchen Sie edle Weinh\u00e4user oder kleine familiengef\u00fchrte Qualit\u00e4tsoasen.<br \/>\nEinkaufen in den ber\u00fchmtesten Outlets.<br \/>\nBesuchen Sie eine Villa im Chianti-Gebiet f\u00fcr einen Tag am Pool inklusive leichtem Mittagessen.<br \/>\nMachen Sie einfach eine Tour, um die kleinen St\u00e4dte zu entdecken, die das florentinische Territorium umgeben. Und wenn sie kein Auto haben, k\u00f6nnen Sie um die Unterst\u00fctzung eines Fahrers bitten oder eine Tour machen.[\/vc_column_text][vc_empty_space height=&#8220;50px&#8220;][vc_row_inner][vc_column_inner width=&#8220;1\/3&#8243;][vc_single_image image=&#8220;1903&#8243; img_size=&#8220;full&#8220; alignment=&#8220;center&#8220;][\/vc_column_inner][vc_column_inner width=&#8220;1\/3&#8243;][vc_single_image image=&#8220;1986&#8243; img_size=&#8220;full&#8220; alignment=&#8220;center&#8220;][\/vc_column_inner][vc_column_inner width=&#8220;1\/3&#8243;][vc_single_image image=&#8220;1905&#8243; img_size=&#8220;full&#8220; alignment=&#8220;center&#8220;][\/vc_column_inner][\/vc_row_inner][\/vc_column][\/vc_row][vc_row][vc_column][vc_empty_space][\/vc_column][\/vc_row]<\/p>\n<\/section>","protected":false},"excerpt":{"rendered":"<p>[vc_row][vc_column][vc_empty_space][\/vc_column][\/vc_row][vc_row][vc_column width=&#8220;1\/3&#8243;][vc_single_image image=&#8220;1910&#8243; img_size=&#8220;full&#8220; alignment=&#8220;center&#8220;][\/vc_column][vc_column width=&#8220;2\/3&#8243;][vc_empty_space height=&#8220;45px&#8220;][vc_column_text]Bei einem Aufenthalt von wenigen Tagen in Florenz ist ein Ausflug ausserhalb der Stadt verpflichtend. Besuchen Sie edle Weinh\u00e4user oder kleine familiengef\u00fchrte Qualit\u00e4tsoasen. Einkaufen in den ber\u00fchmtesten Outlets. Besuchen Sie eine Villa im Chianti-Gebiet f\u00fcr einen Tag am Pool inklusive leichtem Mittagessen. Machen Sie einfach eine Tour, um die [&hellip;]<\/p>\n","protected":false},"author":1,"featured_media":0,"parent":0,"menu_order":0,"comment_status":"closed","ping_status":"closed","template":"","meta":{"_monsterinsights_skip_tracking":false,"_monsterinsights_sitenote_active":false,"_monsterinsights_sitenote_note":"","_monsterinsights_sitenote_category":0,"footnotes":""},"_links":{"self":[{"href":"https:\/\/www.villalamonta.it\/de\/wp-json\/wp\/v2\/pages\/1088"}],"collection":[{"href":"https:\/\/www.villalamonta.it\/de\/wp-json\/wp\/v2\/pages"}],"about":[{"href":"https:\/\/www.villalamonta.it\/de\/wp-json\/wp\/v2\/types\/page"}],"author":[{"embeddable":true,"href":"https:\/\/www.villalamonta.it\/de\/wp-json\/wp\/v2\/users\/1"}],"replies":[{"embeddable":true,"href":"https:\/\/www.villalamonta.it\/de\/wp-json\/wp\/v2\/comments?post=1088"}],"version-history":[{"count":28,"href":"https:\/\/www.villalamonta.it\/de\/wp-json\/wp\/v2\/pages\/1088\/revisions"}],"predecessor-version":[{"id":1989,"href":"https:\/\/www.villalamonta.it\/de\/wp-json\/wp\/v2\/pages\/1088\/revisions\/1989"}],"wp:attachment":[{"href":"https:\/\/www.villalamonta.it\/de\/wp-json\/wp\/v2\/media?parent=1088"}],"curies":[{"name":"wp","href":"https:\/\/api.w.org\/{rel}","templated":true}]}}